{"id":107,"date":"2019-01-03T14:47:32","date_gmt":"2019-01-03T13:47:32","guid":{"rendered":"http:\/\/berghof-neurauter.at\/cm\/?page_id=107"},"modified":"2019-01-17T09:35:44","modified_gmt":"2019-01-17T08:35:44","slug":"fewo4","status":"publish","type":"page","link":"http:\/\/berghof-neurauter.at\/cm\/fewo4\/","title":{"rendered":"APPARTEMENT FEWO 4"},"content":{"rendered":"\n<h2>Appartement f\u00fcr 2-5 Personen<\/h2>\n\n\n\n<p>S\u00fcdseitige Wohnung im UG, bietet eine Schlafm\u00f6glichkeit f\u00fcr 3 Personen (1DB u. 1EB). Bei Bedarf kann die Couch in der Wohnk\u00fcche zu einem DB ausgeklappt werden. Neben dem hellen Schlafzimmer gibt es einen gro\u00dfen Wohn- u. Essbereich mit Zugang auf die Terasse. Herrlicher Ausblick auf die Bergwelt.<\/p>\n\n\n\n<p><strong>Keine Haustiere erw\u00fcnscht.<\/strong><\/p>\n\n\n\n<p><strong>Gr\u00f6\u00dfe: 46.0m\u00b2 | Zimmer: 2 | Schlafzimmer: 1 | Belegung: 2 &#8211; 5 Personen<\/strong><\/p>\n\n\n\n<ul class=\"is-layout-flex wp-block-gallery-1 wp-block-gallery columns-3 is-cropped\"><li class=\"blocks-gallery-item\"><figure><img decoding=\"async\" loading=\"lazy\" width=\"600\" height=\"400\" src=\"http:\/\/berghof-neurauter.at\/cm\/wp-content\/uploads\/2019\/01\/Schlafzimmer-1.jpg\" alt=\"\" data-id=\"113\" data-link=\"http:\/\/berghof-neurauter.at\/cm\/fewo4\/schlafzimmer-2\/\" class=\"wp-image-113\" srcset=\"http:\/\/berghof-neurauter.at\/cm\/wp-content\/uploads\/2019\/01\/Schlafzimmer-1.jpg 600w, http:\/\/berghof-neurauter.at\/cm\/wp-content\/uploads\/2019\/01\/Schlafzimmer-1-300x200.jpg 300w\" sizes=\"(max-width: 600px) 100vw, 600px\" \/><\/figure><\/li><li class=\"blocks-gallery-item\"><figure><img decoding=\"async\" loading=\"lazy\" width=\"600\" height=\"400\" src=\"http:\/\/berghof-neurauter.at\/cm\/wp-content\/uploads\/2019\/01\/Schlafzimmer2.jpg\" alt=\"\" data-id=\"114\" data-link=\"http:\/\/berghof-neurauter.at\/cm\/fewo4\/schlafzimmer2\/\" class=\"wp-image-114\" srcset=\"http:\/\/berghof-neurauter.at\/cm\/wp-content\/uploads\/2019\/01\/Schlafzimmer2.jpg 600w, http:\/\/berghof-neurauter.at\/cm\/wp-content\/uploads\/2019\/01\/Schlafzimmer2-300x200.jpg 300w\" sizes=\"(max-width: 600px) 100vw, 600px\" \/><\/figure><\/li><li class=\"blocks-gallery-item\"><figure><img decoding=\"async\" loading=\"lazy\" width=\"600\" height=\"400\" src=\"http:\/\/berghof-neurauter.at\/cm\/wp-content\/uploads\/2019\/01\/WohnbereichmitK\u00fcche.jpg\" alt=\"\" data-id=\"115\" data-link=\"http:\/\/berghof-neurauter.at\/cm\/fewo4\/wohnbereichmitkueche\/\" class=\"wp-image-115\" srcset=\"http:\/\/berghof-neurauter.at\/cm\/wp-content\/uploads\/2019\/01\/WohnbereichmitK\u00fcche.jpg 600w, http:\/\/berghof-neurauter.at\/cm\/wp-content\/uploads\/2019\/01\/WohnbereichmitK\u00fcche-300x200.jpg 300w\" sizes=\"(max-width: 600px) 100vw, 600px\" \/><\/figure><\/li><li class=\"blocks-gallery-item\"><figure><img decoding=\"async\" loading=\"lazy\" width=\"600\" height=\"400\" src=\"http:\/\/berghof-neurauter.at\/cm\/wp-content\/uploads\/2019\/01\/Essbereich-3.jpg\" alt=\"\" data-id=\"111\" data-link=\"http:\/\/berghof-neurauter.at\/cm\/fewo4\/essbereich-4\/\" class=\"wp-image-111\" srcset=\"http:\/\/berghof-neurauter.at\/cm\/wp-content\/uploads\/2019\/01\/Essbereich-3.jpg 600w, http:\/\/berghof-neurauter.at\/cm\/wp-content\/uploads\/2019\/01\/Essbereich-3-300x200.jpg 300w\" sizes=\"(max-width: 600px) 100vw, 600px\" \/><\/figure><\/li><li class=\"blocks-gallery-item\"><figure><img decoding=\"async\" loading=\"lazy\" width=\"600\" height=\"400\" src=\"http:\/\/berghof-neurauter.at\/cm\/wp-content\/uploads\/2019\/01\/Dusche-3.jpg\" alt=\"\" data-id=\"110\" data-link=\"http:\/\/berghof-neurauter.at\/cm\/fewo4\/dusche-4\/\" class=\"wp-image-110\" srcset=\"http:\/\/berghof-neurauter.at\/cm\/wp-content\/uploads\/2019\/01\/Dusche-3.jpg 600w, http:\/\/berghof-neurauter.at\/cm\/wp-content\/uploads\/2019\/01\/Dusche-3-300x200.jpg 300w\" sizes=\"(max-width: 600px) 100vw, 600px\" \/><\/figure><\/li><li class=\"blocks-gallery-item\"><figure><img decoding=\"async\" loading=\"lazy\" width=\"663\" height=\"284\" src=\"http:\/\/berghof-neurauter.at\/cm\/wp-content\/uploads\/2019\/01\/Plan-3.jpg\" alt=\"\" data-id=\"112\" data-link=\"http:\/\/berghof-neurauter.at\/cm\/fewo4\/plan-4\/\" class=\"wp-image-112\" srcset=\"http:\/\/berghof-neurauter.at\/cm\/wp-content\/uploads\/2019\/01\/Plan-3.jpg 663w, http:\/\/berghof-neurauter.at\/cm\/wp-content\/uploads\/2019\/01\/Plan-3-300x129.jpg 300w\" sizes=\"(max-width: 663px) 100vw, 663px\" \/><\/figure><\/li><\/ul>\n\n\n\n<h3><br>Ausstattung<\/h3>\n\n\n\n<div class=\"is-layout-flex wp-container-5 wp-block-columns has-2-columns\">\n<div class=\"is-layout-flow wp-block-column\">\n<ul><li>Handt\u00fccher vorhanden<\/li><li>K\u00fcche<\/li><li>Vorraum<\/li><li>Nichtraucher Appartement<\/li><li>Kaffee-Maschine<\/li><li>K\u00fchlschrank<\/li><li>Wohn-\/Schlafr\u00e4ume getrennt<\/li><li> Satellitenfernsehen <\/li><li>Br\u00f6tchenservice <\/li><\/ul>\n<\/div>\n\n\n\n<div class=\"is-layout-flow wp-block-column\">\n<ul><li>Wasserkocher<\/li><li>Backofen<\/li><li>Geschirrsp\u00fclmaschine<\/li><li>Bettw\u00e4sche vorhanden<\/li><li>Moderne M\u00f6blierung<\/li><li>Mikrowelle<\/li><li>Elektroherd<\/li><li>Geschirr vorhanden <\/li><\/ul>\n<\/div>\n<\/div>\n\n\n\n<hr class=\"wp-block-separator\"\/>\n\n\n\n<h3><br>Anfragen<\/h3>\n\n\n<div class=\"wpcf7 no-js\" id=\"wpcf7-f8-o1\" lang=\"de-DE\" dir=\"ltr\">\n<div class=\"screen-reader-response\"><p role=\"status\" aria-live=\"polite\" aria-atomic=\"true\"><\/p> <ul><\/ul><\/div>\n<form action=\"\/cm\/wp-json\/wp\/v2\/pages\/107#wpcf7-f8-o1\" method=\"post\" class=\"wpcf7-form init\" aria-label=\"Kontaktformular\" novalidate=\"novalidate\" data-status=\"init\">\n<div style=\"display: none;\">\n<input type=\"hidden\" name=\"_wpcf7\" value=\"8\" \/>\n<input type=\"hidden\" name=\"_wpcf7_version\" value=\"5.7.2\" \/>\n<input type=\"hidden\" name=\"_wpcf7_locale\" value=\"de_DE\" \/>\n<input type=\"hidden\" name=\"_wpcf7_unit_tag\" value=\"wpcf7-f8-o1\" \/>\n<input type=\"hidden\" name=\"_wpcf7_container_post\" value=\"0\" \/>\n<input type=\"hidden\" name=\"_wpcf7_posted_data_hash\" value=\"\" \/>\n<\/div>\n<p><label> Ihr Name (Pflichtfeld)<br \/>\n<span class=\"wpcf7-form-control-wrap\" data-name=\"your-name\"><input size=\"40\" class=\"wpcf7-form-control wpcf7-text wpcf7-validates-as-required\" aria-required=\"true\" aria-invalid=\"false\" value=\"\" type=\"text\" name=\"your-name\" \/><\/span> <\/label>\n<\/p>\n<p><label> Ihre E-Mail-Adresse (Pflichtfeld)<br \/>\n<span class=\"wpcf7-form-control-wrap\" data-name=\"your-email\"><input size=\"40\" class=\"wpcf7-form-control wpcf7-text wpcf7-email wpcf7-validates-as-required wpcf7-validates-as-email\" aria-required=\"true\" aria-invalid=\"false\" value=\"\" type=\"email\" name=\"your-email\" \/><\/span> <\/label>\n<\/p>\n<p><label> Betreff\/Anfrage<br \/>\n<span class=\"wpcf7-form-control-wrap\" data-name=\"your-subject\"><input size=\"40\" class=\"wpcf7-form-control wpcf7-text\" aria-invalid=\"false\" value=\"\" type=\"text\" name=\"your-subject\" \/><\/span> <\/label>\n<\/p>\n<p><label> Ihre Nachricht an uns (Pflichtfeld)<br \/>\n<span class=\"wpcf7-form-control-wrap\" data-name=\"your-message\"><textarea cols=\"40\" rows=\"10\" class=\"wpcf7-form-control wpcf7-textarea wpcf7-validates-as-required\" aria-required=\"true\" aria-invalid=\"false\" name=\"your-message\"><\/textarea><\/span> <\/label>\n<\/p>\n<p>Datenschutz (Pflichtfeld)<br \/>\n<span class=\"wpcf7-form-control-wrap\" data-name=\"your-country\"><span class=\"wpcf7-form-control wpcf7-checkbox wpcf7-validates-as-required\"><span class=\"wpcf7-list-item first last\"><label><input type=\"checkbox\" name=\"your-country[]\" value=\"Datenschutzerkl\u00e4rung gelesen und verstaden.\" tabindex=\"\" \/><span class=\"wpcf7-list-item-label\">Datenschutzerkl\u00e4rung gelesen und verstaden.<\/span><\/label><\/span><\/span><\/span>\n<\/p>\n<p><input class=\"wpcf7-form-control has-spinner wpcf7-submit\" type=\"submit\" value=\"Senden\" \/>\n<\/p><div class=\"wpcf7-response-output\" aria-hidden=\"true\"><\/div><\/form><\/div>\n","protected":false},"excerpt":{"rendered":"<p>Appartement f\u00fcr 2-5 Personen S\u00fcdseitige Wohnung im UG, bietet eine Schlafm\u00f6glichkeit f\u00fcr 3 Personen (1DB u. 1EB). Bei Bedarf kann die Couch in der Wohnk\u00fcche zu einem DB ausgeklappt werden. Neben dem hellen Schlafzimmer gibt es einen gro\u00dfen Wohn- u. Essbereich mit Zugang auf die Terasse. Herrlicher Ausblick auf die Bergwelt. Keine Haustiere erw\u00fcnscht. Gr\u00f6\u00dfe:&hellip; <br \/> <a class=\"button small blue\" href=\"http:\/\/berghof-neurauter.at\/cm\/fewo4\/\">Weiterlesen<\/a><\/p>\n","protected":false},"author":1,"featured_media":0,"parent":0,"menu_order":0,"comment_status":"closed","ping_status":"closed","template":"","meta":[],"_links":{"self":[{"href":"http:\/\/berghof-neurauter.at\/cm\/wp-json\/wp\/v2\/pages\/107"}],"collection":[{"href":"http:\/\/berghof-neurauter.at\/cm\/wp-json\/wp\/v2\/pages"}],"about":[{"href":"http:\/\/berghof-neurauter.at\/cm\/wp-json\/wp\/v2\/types\/page"}],"author":[{"embeddable":true,"href":"http:\/\/berghof-neurauter.at\/cm\/wp-json\/wp\/v2\/users\/1"}],"replies":[{"embeddable":true,"href":"http:\/\/berghof-neurauter.at\/cm\/wp-json\/wp\/v2\/comments?post=107"}],"version-history":[{"count":3,"href":"http:\/\/berghof-neurauter.at\/cm\/wp-json\/wp\/v2\/pages\/107\/revisions"}],"predecessor-version":[{"id":160,"href":"http:\/\/berghof-neurauter.at\/cm\/wp-json\/wp\/v2\/pages\/107\/revisions\/160"}],"wp:attachment":[{"href":"http:\/\/berghof-neurauter.at\/cm\/wp-json\/wp\/v2\/media?parent=107"}],"curies":[{"name":"wp","href":"https:\/\/api.w.org\/{rel}","templated":true}]}}