{"id":3,"date":"2019-01-02T16:32:05","date_gmt":"2019-01-02T15:32:05","guid":{"rendered":"http:\/\/berghof-neurauter.at\/cm\/?page_id=3"},"modified":"2019-01-04T13:49:46","modified_gmt":"2019-01-04T12:49:46","slug":"datenschutzerklaerung","status":"publish","type":"page","link":"http:\/\/berghof-neurauter.at\/cm\/datenschutzerklaerung\/","title":{"rendered":"Datenschutzerkl\u00e4rung"},"content":{"rendered":"<p>Diese Datenschutzerkl\u00e4rung erstreckt sich auf das Erfassen und Verwenden personenbezogener Daten, die bei Kontaktaufnahme unter Umst\u00e4nden erhoben werden, also beispielsweise dann, wenn Sie unsere Web-Site besuchen, wenn Sie Leistungen anfragen, buchen, erwerben oder wenn Sie uns anrufen. Bitte nehmen Sie sich einen Augenblick Zeit und lesen Sie das nachstehende Dokument durch, das Sie dar\u00fcber informiert, wie der Berghof Neurauter mit Ihren pers\u00f6nlichen Daten umgeht, welche Arten von Daten \u00fcberhaupt erfasst werden, wie und zu welchem Zweck diese Daten verwendet werden, an wen der Berghof Neurauter diese Daten weitergibt und wie der Berghof Neurauter Ihre pers\u00f6nlichen Daten sch\u00fctzt.<\/p>\n<p>Ihre Pers\u00f6nlichkeitsrechte haben h\u00f6chste Priorit\u00e4t, und der Berghof Neurauter bem\u00fcht sich nach besten Kr\u00e4ften, diese Rechte zu sch\u00fctzen.<\/p>\n<p>S\u00e4mtliche \u00fcber diese Datenschutzerkl\u00e4rung allenfalls hinausgehenden weitergehenden datenschutzrechtlichen Verpflichtungen bleiben selbstverst\u00e4ndlich unber\u00fchrt.<\/p>\n<p>Warum erfasst der Berghof Neurauter personenbezogene Daten und f\u00fcr wie lange wer-den personenbezogene Daten gespeichert?<\/p>\n<p>Der Berghof Neurauter erfasst und verwendet Ihre personenbezogenen Daten, um Ihnen einen vorbildlichen Kundenservice im Zusammenhang mit Ihrem Aufenthalt im Berghof Neurauter zu bieten, einen bequemen Zugriff auf unsere Webseite zu erm\u00f6glichen und Ihnen optimale Leistungsangebote unterbreiten zu k\u00f6nnen. Dar\u00fcber hinaus helfen Ihre personenbezogenen Daten dem Berghof Neurauter dabei, Sie \u00fcber die neuesten Produktank\u00fcndigungen, Sonderangebote und sonstigen Entwicklungen auf dem Laufenden zu halten, die nach unserer Einsch\u00e4tzung f\u00fcr Sie interessant sein k\u00f6nnten.<\/p>\n<p>Wenn Sie kein Interesse daran haben, \u00fcber die neuesten Entwicklungen sowie aktuellen Produkt- und Service-Informationen auf dem Laufenden gehalten zu werden, k\u00f6nnen Sie uns dies jederzeit gerne mit-teilen.<\/p>\n<p>Eine Speicherung Ihrer personenbezogenen Daten erfolgt so lange, als dies zur Erf\u00fcllung der oben angef\u00fchrten Leistungen erforderlich ist oder der Berghof Neurauter aufgrund zwingender Rechtsvor-schriften dar\u00fcber hinaus zur Speicherung solcher Daten verpflichtet ist.<\/p>\n<p>Welche Daten werden erfasst?<\/p>\n<p>Es gibt eine Reihe von Situationen, in denen Ihre personenbezogenen Daten dem Berghof Neurauter dabei helfen k\u00f6nnen, Ihnen einen besseren Service zu bieten. So k\u00f6nnten Sie beispielsweise um pers\u00f6nliche Angaben gebeten werden, wenn Sie eine Transaktion starten. Es werden von Ihnen stets nur solche Ausk\u00fcnfte erbeten, die f\u00fcr die jeweilige Situation relevant sind. Hierzu geh\u00f6ren beispielsweise Name, Postanschrift, Telefonnummer, E-Mail-Adresse und bevorzugte Methode der Kontaktaufnahme oder Kreditkartendaten. Dar\u00fcber hinaus erfasst der Berghof Neurauter Informationen zu Marktforschungszwecken, um ihre Kunden besser kennen zu lernen und Ihnen dadurch einen effektiveren Service bieten zu k\u00f6nnen. Des Weiteren erfasst der Berghof Neurauter personenbezogene Daten zu den Kundenaktivit\u00e4ten auf ihrer Web-Site. Anhand dieser Daten kann der Berghof Neurauter ermitteln, welche Informationen f\u00fcr ihre Kunden wirklich n\u00fctzlich sind und welche Bereiche ihrer Web-Sites und Internet-Services ihre Kunden am meisten interessieren.<\/p>\n<p>Wann gibt der Berghof Neurauter personenbezogene Daten weiter?<\/p>\n<p>Der Berghof Neurauter nimmt den Schutz Ihrer Pers\u00f6nlichkeitsrechte sehr ernst. Das Berghof Neurauter versichert Ihnen, dass der Berghof Neurauter Ihre Kontaktinformationen an andere Anbieter weder verkauft noch verleiht. Um Ihnen einen vorbildlichen Service bieten zu k\u00f6nnen, gibt der Berghof Neurauter Ihre personenbezogenen Daten unter Umst\u00e4nden an Unternehmen weiter, die jedoch verpflichtet sind, diese Daten im Einklang mit dieser Datenschutzerkl\u00e4rung zu sch\u00fctzen. Mitunter kann es f\u00fcr der Berghof Neurauter von Vorteil sein, bestimmte personenbezogene Daten anderen Unternehmen zur Verf\u00fcgung zu stellen, die f\u00fcr der Berghof Neurauter t\u00e4tig sind, um Ihnen im Namen des Berghof Neurauter Produkte und Leistungen zu liefern. Diese Unternehmen k\u00f6nnen uns insbesondere dabei helfen, Informationen zu verarbeiten, Kundenbestellungen auszuf\u00fchren, Produkte zu liefern, Kundendaten zu verwalten und zu pflegen, einen Kundendienst zur Verf\u00fcgung zu stellen, Ihr Interesse an den Produkten und Leistungen des Berghof Neurauter zu bewerten, Kundenforschung zu betreiben oder Umfragen zur Kundenzufriedenheit durchzuf\u00fchren. Auch diese Unternehmen sind verpflichtet, Ihre personenbezogenen Daten im Einklang mit dieser Datenschutzerkl\u00e4rung sowie einschl\u00e4giger Gesetze zum Schutz der Pers\u00f6nlichkeitsrechte zu sch\u00fctzen. Dar\u00fcber hinaus kann der Berghof Neurauter aufgrund zwingender gesetzlicher Bestimmungen oder beh\u00f6rdlicher An-ordnungen gezwungen sein, Ihre personenbezogenen Daten offen zu legen.<\/p>\n<p>Wie sch\u00fctzt der Berghof Neurauter Ihre personenbezogenen Daten?<\/p>\n<p>Der Berghof Neurauter ergreift Vorsichtsma\u00dfnahmen, einschlie\u00dflich verwaltungstechnischer, elektronischer und physischer Verfahren, um Ihre personenbezogenen Daten vor Verlust, Diebstahl und Missbrauch sowie vor unbefugtem Zugriff, Weitergabe, \u00c4nderung und Zerst\u00f6rung zu sch\u00fctzen.<\/p>\n<p>Die Webseite des Berghof Neurauter verwendet an manchen Stellen zur Verschl\u00fcsselung den Industriestandard SSL (Secure Sockets Layer). Dadurch wird die Vertraulichkeit Ihrer pers\u00f6nlichen Angaben und Kreditkartendaten bei Transaktionen \u00fcber das Internet gew\u00e4hrleistet.<\/p>\n<p>Auch Sie selbst k\u00f6nnen uns helfen und durch entsprechende Vorsichtsma\u00dfnahmen zum Schutz Ihrer personenbezogenen Daten im Internet beitragen. Achten Sie stets darauf, einen sicheren Web-Browser zu verwenden und die diesbez\u00fcglichen Einstellungen des Web-Browsers zum Schutz Ihrer personenbezogenen Daten zu aktivieren.<\/p>\n<p>Integrit\u00e4t Ihrer personenbezogenen Daten<\/p>\n<p>Der Berghof Neurauter hat Schutzma\u00dfnahmen ergriffen, um zu gew\u00e4hrleisten, dass Ihre personenbezogenen Daten f\u00fcr die beabsichtigten Verwendungszwecke stets richtig, vollst\u00e4ndig und auf dem neuesten Stand sind. Selbstverst\u00e4ndlich haben Sie jederzeit das Recht, die von Ihnen bereitgestellten personenbezogenen Daten auf Ihre Richtigkeit und Aktualit\u00e4t hin pr\u00fcfen zu lassen und erforderlichenfalls \u00c4nderungen zu verlangen. Sie k\u00f6nnen uns dabei helfen, daf\u00fcr zu sorgen, dass Ihre Kontaktinformationen und Voreinstellungen richtig, vollst\u00e4ndig und auf dem neuesten Stand sind. Sie k\u00f6nnen auch eine Kopie Ihrer personenbezogenen Daten anfordern, indem Sie \u00fcber die weiter unten genannte E-Mail-Adresse Kontakt mit uns aufnehmen.<\/p>\n<p>Cookies und andere Technologien<\/p>\n<p>Wie auf vielen andere Web-Sites von Unternehmen \u00fcblich, verwendet auch das Appartementhaus Rang-ger so genannte &#8222;Cookies&#8220; und andere Technologien, um einen besseren Einblick dar\u00fcber zu erhalten, welche Bereiche unserer Web-Sites besonders beliebt sind, wie sich unsere Besucher auf der Web-Site bewegen und wie viel Zeit sie in den verschiedenen Bereichen verbringen. Dar\u00fcber hinaus verwendet der Berghof Neurauter Technologien, um sicherzustellen, dass Online-Werbung effektiv ist und Kun-den auch tats\u00e4chlich auf die Produkte und Leistungen des Appartementhauses Neurauter aufmerksam macht. Der Berghof Neurauter verwendet Cookies und andere Technologien, um den Datenverkehr auf unserer Web-Site zu analysieren, damit wir ihre Gestaltung und Funktionalit\u00e4t weiter verbessern k\u00f6nnen, und um die Effizienz der Kommunikation mit Kunden zu untersuchen. Des Weiteren verwendet der Berghof Neurauter Cookies, um die Web-Site besser auf Ihre Bed\u00fcrfnisse ausrichten und Ihnen bei jedem Besuch noch mehr Bequemlichkeit beim Navigieren bieten zu k\u00f6nnen.<\/p>\n<p>Unser Engagement zum Schutz Ihrer Pers\u00f6nlichkeitsrechte<\/p>\n<p>Wie bereits erw\u00e4hnt, nimmt der Berghof Neurauter den Schutz Ihrer Pers\u00f6nlichkeitsrechte sehr ernst. Damit die Sicherheit Ihrer personenbezogenen Daten gew\u00e4hrleistet ist, werden die vorliegenden Richtlinien an alle betreffenden Mitarbeiter weitergegeben und Sicherheitsvorkehrungen zum Schutz der Pers\u00f6nlichkeitsrechte innerhalb des Unternehmens streng umgesetzt.<\/p>\n<p>Die Web-Site enth\u00e4lt Links zu Web-Sites anderer Unternehmen. F\u00fcr den Umgang dieser Unternehmen mit Pers\u00f6nlichkeitsrechten ist der Berghof Neurauter nicht verantwortlich. Der Berghof Neurauter empfiehlt Ihnen daher, sich bei diesen Unternehmen nach deren Datenschutzerkl\u00e4rung zu erkundigen.<\/p>\n<p>Verwendung von Google Analytics &amp; Remarketing<\/p>\n<p>Wir verwenden zur Verbesserung und Optimierung der Berghof Neurauter Dienste Google Analy-tics, einen Webanalysedienst der Google Inc. (im Folgenden \u201eGoogle&#8220;). Google Analytics verwendet so-genannte \u201eCookies&#8220;, Textdateien, die auf den Computern der User gespeichert werden und die eine Ana-lyse der Benutzung der Berghof Neurauter Dienste durch den User erm\u00f6glichen. Die durch den Cookie erzeugten Informationen \u00fcber die Benutzung der Berghof Neurauter Dienste werden in der Regel an einen Server von Google in den USA \u00fcbertragen und dort gespeichert.<\/p>\n<p>Wir nutzen die Funktion \u201eAktivierung der IP-Anonymisierung\u201c auf Berghof Neurauter Diensten. Dadurch wird Ihre IP-Adresse von Google jedoch innerhalb von Mitgliedsstaaten der Europ\u00e4ischen Union oder in anderen Vertragsstaaten des Abkommens \u00fcber den Europ\u00e4ischen Wirtschaftsraum zuvor gek\u00fcrzt. Nur in Ausnahmef\u00e4llen wird die volle IP-Adresse an einen Server von Google in den USA \u00fcbertragen und dort gek\u00fcrzt. Im Auftrag des Betreibers des Berghof Neurauter Dienste wird Google diese Information benutzen, um Ihre Nutzung der Berghof Neurauter Dienste auszuwerten, um Reports \u00fcber die Websiteaktivit\u00e4ten zusammenstellen und um weitere mit der Websitenutzung und der Internetnutzung verbundene Dienstleistungen gegen\u00fcber dem Websitebetreiber zu erbringen. Die im Rahmen von Google Analytics von Ihrem Browser \u00fcbermittelte IP-Adresse wird nicht mit anderer Daten von Google zusammengef\u00fchrt.<\/p>\n<p>Durch die Nutzung der Berghof Neurauter Dienste erkl\u00e4ren Sie sich mit der Verwendung der \u00fcber Sie erhobenen Daten in der zuvor beschriebenen Art und Weise und zu dem zuvor benannten Zweck einverstanden. Sie k\u00f6nnen die Speicherung der Cookies durch eine entsprechende Einstellung Ihrer Browser-Software verhindern; wir weisen Sie jedoch darauf hin, dass Sie in diesem Fall gegebenenfalls nicht s\u00e4mtliche Funktionen der Berghof Neurauter Dienste vollumf\u00e4nglich nutzen k\u00f6nnen. Sie k\u00f6nnen dar\u00fcber hinaus die Erfassung der durch den Cookies erzeugten und auf Ihre Nutzung des Berghof Neurauter Dienste bezogenen Daten (inkl. Ihrer IP-Adresse) an Google sowie die Verarbeitung dieser Daten durch Google verhindern, indem Sie das unter den folgenden Link verf\u00fcgbaren Browser-Plugin herunterladen und installieren: https:\/\/tools.google.com\/dlpage\/gaoptout?hl=de(link is external)<\/p>\n<p>Mehr Informationen zum Umgang mit Nutzerdaten bei Google Analytics finden Sie in der Datenschutzerkl\u00e4rung von Google: https:\/\/support.google.com\/analytics\/answer\/6004245?hl=de<\/p>\n<p>Fragen zum Schutz der Pers\u00f6nlichkeitsrechte<\/p>\n<p>Wenn Sie Fragen oder Bedenken zum Thema Datenschutz haben, nehmen Sie bitte Kontakt mit uns auf. Senden Sie uns dazu eine Nachricht (Kontaktdaten siehe unten).<\/p>\n<p>Selbstverst\u00e4ndlich k\u00f6nnen Sie beim Berghof Neurauter erfragen, welche Daten von der Berghof Neurauter \u00fcber Sie verarbeitet werden, woher diese Daten stammen, wozu sie verwendet und an wen sie \u00fcbermittelt werden. Ebenfalls k\u00f6nnen Sie nat\u00fcrlich falsche Daten richtigstellen bzw. unzul\u00e4ssig verarbeitete Daten l\u00f6schen lassen. Die Bestimmungen der anwendbaren Datenschutzgesetze sind entsprechend anwendbar.<\/p>\n<p>Zustimmungserkl\u00e4rungen, welche Sie dem Berghof Neurauter hinsichtlich der Verarbeitung personenbezogener Daten erteilt haben, k\u00f6nnen jederzeit widerrufen werden. Ein solcher Widerruf bezieht sich jedoch nicht auf solche Arten der Datenverarbeitung, welche bereits aufgrund gesetzlicher Bestimmungen zul\u00e4ssig sind.<\/p>\n<p>Der Berghof Neurauter ist berechtigt, diese Datenschutzerkl\u00e4rung von Zeit zu Zeit zu \u00e4ndern. Werden wesentliche \u00c4nderungen vorgenommen, wird eine entsprechende Mitteilung zusammen mit der aktualisierten Version der Datenschutzerkl\u00e4rung auf unserer Web-Site ver\u00f6ffentlicht.<\/p>\n<p>Berghof-Neurauter<br \/>\nOchsengarten 50<br \/>\n6433 Ochsengarten, Tirol, \u00d6sterreich<\/p>\n<p>Tel.: +43 (0)699 133 75 297<br \/>\nE-Mail: info@berghof-neurauter.at<\/p>\n<p>Schlie\u00dflich haben Sie ein Recht auf Beschwerde bei der \u00f6sterreichischen Datenschutzbeh\u00f6rde (Hohenstaufengasse 3, 1010 Wien, dsb@dsb.gv.at, www.dsb.gv.at)<\/p>\n","protected":false},"excerpt":{"rendered":"<p>Diese Datenschutzerkl\u00e4rung erstreckt sich auf das Erfassen und Verwenden personenbezogener Daten, die bei Kontaktaufnahme unter Umst\u00e4nden erhoben werden, also beispielsweise dann, wenn Sie unsere Web-Site besuchen, wenn Sie Leistungen anfragen, buchen, erwerben oder wenn Sie uns anrufen. Bitte nehmen Sie sich einen Augenblick Zeit und lesen Sie das nachstehende Dokument durch, das Sie dar\u00fcber informiert,&hellip; <br \/> <a class=\"button small blue\" href=\"http:\/\/berghof-neurauter.at\/cm\/datenschutzerklaerung\/\">Weiterlesen<\/a><\/p>\n","protected":false},"author":1,"featured_media":0,"parent":0,"menu_order":0,"comment_status":"closed","ping_status":"open","template":"","meta":[],"_links":{"self":[{"href":"http:\/\/berghof-neurauter.at\/cm\/wp-json\/wp\/v2\/pages\/3"}],"collection":[{"href":"http:\/\/berghof-neurauter.at\/cm\/wp-json\/wp\/v2\/pages"}],"about":[{"href":"http:\/\/berghof-neurauter.at\/cm\/wp-json\/wp\/v2\/types\/page"}],"author":[{"embeddable":true,"href":"http:\/\/berghof-neurauter.at\/cm\/wp-json\/wp\/v2\/users\/1"}],"replies":[{"embeddable":true,"href":"http:\/\/berghof-neurauter.at\/cm\/wp-json\/wp\/v2\/comments?post=3"}],"version-history":[{"count":5,"href":"http:\/\/berghof-neurauter.at\/cm\/wp-json\/wp\/v2\/pages\/3\/revisions"}],"predecessor-version":[{"id":154,"href":"http:\/\/berghof-neurauter.at\/cm\/wp-json\/wp\/v2\/pages\/3\/revisions\/154"}],"wp:attachment":[{"href":"http:\/\/berghof-neurauter.at\/cm\/wp-json\/wp\/v2\/media?parent=3"}],"curies":[{"name":"wp","href":"https:\/\/api.w.org\/{rel}","templated":true}]}}