{"id":98,"date":"2019-01-03T14:36:24","date_gmt":"2019-01-03T13:36:24","guid":{"rendered":"http:\/\/berghof-neurauter.at\/cm\/?page_id=98"},"modified":"2019-02-18T18:18:42","modified_gmt":"2019-02-18T17:18:42","slug":"fewo3","status":"publish","type":"page","link":"http:\/\/berghof-neurauter.at\/cm\/fewo3\/","title":{"rendered":"APPARTEMENT FEWO 3"},"content":{"rendered":"\n<h2>Appartement f\u00fcr 2 Personen<\/h2>\n\n\n\n<p>Diese gem\u00fctliche Einzimmerwohnung ist ideal f\u00fcr 2 Personen. Die modern eingerichtete Wohnung bietet das richtige Ambiente, um K\u00f6rper und Seele nach einem anstrengenden Ski-oder Wandertag wieder in Einklang zu bringen.<\/p>\n\n\n\n<p><strong>Keine Haustiere erw\u00fcnscht.<\/strong><\/p>\n\n\n\n<p><strong>Gr\u00f6\u00dfe: 23.0m\u00b2 | Zimmer: 1 \/Gacionere | Belegung: 2 Personen<\/strong><\/p>\n\n\n\n<ul class=\"is-layout-flex wp-block-gallery-1 wp-block-gallery columns-3 is-cropped\"><li class=\"blocks-gallery-item\"><figure><img decoding=\"async\" loading=\"lazy\" width=\"600\" height=\"400\" src=\"http:\/\/berghof-neurauter.at\/cm\/wp-content\/uploads\/2019\/01\/Schlafbereich.jpg\" alt=\"\" data-id=\"103\" data-link=\"http:\/\/berghof-neurauter.at\/cm\/fewo3\/schlafbereich\/\" class=\"wp-image-103\" srcset=\"http:\/\/berghof-neurauter.at\/cm\/wp-content\/uploads\/2019\/01\/Schlafbereich.jpg 600w, http:\/\/berghof-neurauter.at\/cm\/wp-content\/uploads\/2019\/01\/Schlafbereich-300x200.jpg 300w\" sizes=\"(max-width: 600px) 100vw, 600px\" \/><\/figure><\/li><li class=\"blocks-gallery-item\"><figure><img decoding=\"async\" loading=\"lazy\" width=\"600\" height=\"400\" src=\"http:\/\/berghof-neurauter.at\/cm\/wp-content\/uploads\/2019\/01\/EssbereichundK\u00fcche.jpg\" alt=\"\" data-id=\"100\" data-link=\"http:\/\/berghof-neurauter.at\/cm\/fewo3\/essbereichundkueche\/\" class=\"wp-image-100\" srcset=\"http:\/\/berghof-neurauter.at\/cm\/wp-content\/uploads\/2019\/01\/EssbereichundK\u00fcche.jpg 600w, http:\/\/berghof-neurauter.at\/cm\/wp-content\/uploads\/2019\/01\/EssbereichundK\u00fcche-300x200.jpg 300w\" sizes=\"(max-width: 600px) 100vw, 600px\" \/><\/figure><\/li><li class=\"blocks-gallery-item\"><figure><img decoding=\"async\" loading=\"lazy\" width=\"402\" height=\"420\" src=\"http:\/\/berghof-neurauter.at\/cm\/wp-content\/uploads\/2019\/01\/Plan-2.jpg\" alt=\"\" data-id=\"102\" data-link=\"http:\/\/berghof-neurauter.at\/cm\/fewo3\/plan-3\/\" class=\"wp-image-102\" srcset=\"http:\/\/berghof-neurauter.at\/cm\/wp-content\/uploads\/2019\/01\/Plan-2.jpg 402w, http:\/\/berghof-neurauter.at\/cm\/wp-content\/uploads\/2019\/01\/Plan-2-287x300.jpg 287w\" sizes=\"(max-width: 402px) 100vw, 402px\" \/><\/figure><\/li><\/ul>\n\n\n\n<h3><br>Ausstattung<\/h3>\n\n\n\n<div class=\"is-layout-flex wp-container-5 wp-block-columns has-2-columns\">\n<div class=\"is-layout-flow wp-block-column\">\n<ul><li>Handt\u00fccher vorhanden<\/li><li>K\u00fcche<\/li><li>Nichtraucher Appartement<\/li><li>Kaffee-Maschine<\/li><li>K\u00fchlschrank<\/li><li>Moderne Wohn-\/Schlafr\u00e4ume<\/li><li> Satellitenfernsehen  <\/li><li>Br\u00f6tchenservice<\/li><\/ul>\n<\/div>\n\n\n\n<div class=\"is-layout-flow wp-block-column\">\n<ul><li>Wasserkocher<\/li><li>Backofen<\/li><li>Geschirrsp\u00fclmaschine<\/li><li>Bettw\u00e4sche vorhanden<\/li><li>Moderne M\u00f6blierung<\/li><li>Mikrowelle<\/li><li>Elektroherd<\/li><li>Geschirr vorhanden <\/li><\/ul>\n<\/div>\n<\/div>\n\n\n\n<hr class=\"wp-block-separator\"\/>\n\n\n\n<h3><br>Anfragen<\/h3>\n\n\n<div class=\"wpcf7 no-js\" id=\"wpcf7-f8-o1\" lang=\"de-DE\" dir=\"ltr\">\n<div class=\"screen-reader-response\"><p role=\"status\" aria-live=\"polite\" aria-atomic=\"true\"><\/p> <ul><\/ul><\/div>\n<form action=\"\/cm\/wp-json\/wp\/v2\/pages\/98#wpcf7-f8-o1\" method=\"post\" class=\"wpcf7-form init\" aria-label=\"Kontaktformular\" novalidate=\"novalidate\" data-status=\"init\">\n<div style=\"display: none;\">\n<input type=\"hidden\" name=\"_wpcf7\" value=\"8\" \/>\n<input type=\"hidden\" name=\"_wpcf7_version\" value=\"5.7.2\" \/>\n<input type=\"hidden\" name=\"_wpcf7_locale\" value=\"de_DE\" \/>\n<input type=\"hidden\" name=\"_wpcf7_unit_tag\" value=\"wpcf7-f8-o1\" \/>\n<input type=\"hidden\" name=\"_wpcf7_container_post\" value=\"0\" \/>\n<input type=\"hidden\" name=\"_wpcf7_posted_data_hash\" value=\"\" \/>\n<\/div>\n<p><label> Ihr Name (Pflichtfeld)<br \/>\n<span class=\"wpcf7-form-control-wrap\" data-name=\"your-name\"><input size=\"40\" class=\"wpcf7-form-control wpcf7-text wpcf7-validates-as-required\" aria-required=\"true\" aria-invalid=\"false\" value=\"\" type=\"text\" name=\"your-name\" \/><\/span> <\/label>\n<\/p>\n<p><label> Ihre E-Mail-Adresse (Pflichtfeld)<br \/>\n<span class=\"wpcf7-form-control-wrap\" data-name=\"your-email\"><input size=\"40\" class=\"wpcf7-form-control wpcf7-text wpcf7-email wpcf7-validates-as-required wpcf7-validates-as-email\" aria-required=\"true\" aria-invalid=\"false\" value=\"\" type=\"email\" name=\"your-email\" \/><\/span> <\/label>\n<\/p>\n<p><label> Betreff\/Anfrage<br \/>\n<span class=\"wpcf7-form-control-wrap\" data-name=\"your-subject\"><input size=\"40\" class=\"wpcf7-form-control wpcf7-text\" aria-invalid=\"false\" value=\"\" type=\"text\" name=\"your-subject\" \/><\/span> <\/label>\n<\/p>\n<p><label> Ihre Nachricht an uns (Pflichtfeld)<br \/>\n<span class=\"wpcf7-form-control-wrap\" data-name=\"your-message\"><textarea cols=\"40\" rows=\"10\" class=\"wpcf7-form-control wpcf7-textarea wpcf7-validates-as-required\" aria-required=\"true\" aria-invalid=\"false\" name=\"your-message\"><\/textarea><\/span> <\/label>\n<\/p>\n<p>Datenschutz (Pflichtfeld)<br \/>\n<span class=\"wpcf7-form-control-wrap\" data-name=\"your-country\"><span class=\"wpcf7-form-control wpcf7-checkbox wpcf7-validates-as-required\"><span class=\"wpcf7-list-item first last\"><label><input type=\"checkbox\" name=\"your-country[]\" value=\"Datenschutzerkl\u00e4rung gelesen und verstaden.\" tabindex=\"\" \/><span class=\"wpcf7-list-item-label\">Datenschutzerkl\u00e4rung gelesen und verstaden.<\/span><\/label><\/span><\/span><\/span>\n<\/p>\n<p><input class=\"wpcf7-form-control has-spinner wpcf7-submit\" type=\"submit\" value=\"Senden\" \/>\n<\/p><div class=\"wpcf7-response-output\" aria-hidden=\"true\"><\/div><\/form><\/div>\n","protected":false},"excerpt":{"rendered":"<p>Appartement f\u00fcr 2 Personen Diese gem\u00fctliche Einzimmerwohnung ist ideal f\u00fcr 2 Personen. Die modern eingerichtete Wohnung bietet das richtige Ambiente, um K\u00f6rper und Seele nach einem anstrengenden Ski-oder Wandertag wieder in Einklang zu bringen. Keine Haustiere erw\u00fcnscht. Gr\u00f6\u00dfe: 23.0m\u00b2 | Zimmer: 1 \/Gacionere | Belegung: 2 Personen Ausstattung Handt\u00fccher vorhanden K\u00fcche Nichtraucher Appartement Kaffee-Maschine K\u00fchlschrank&hellip; <br \/> <a class=\"button small blue\" href=\"http:\/\/berghof-neurauter.at\/cm\/fewo3\/\">Weiterlesen<\/a><\/p>\n","protected":false},"author":1,"featured_media":0,"parent":0,"menu_order":0,"comment_status":"closed","ping_status":"closed","template":"","meta":[],"_links":{"self":[{"href":"http:\/\/berghof-neurauter.at\/cm\/wp-json\/wp\/v2\/pages\/98"}],"collection":[{"href":"http:\/\/berghof-neurauter.at\/cm\/wp-json\/wp\/v2\/pages"}],"about":[{"href":"http:\/\/berghof-neurauter.at\/cm\/wp-json\/wp\/v2\/types\/page"}],"author":[{"embeddable":true,"href":"http:\/\/berghof-neurauter.at\/cm\/wp-json\/wp\/v2\/users\/1"}],"replies":[{"embeddable":true,"href":"http:\/\/berghof-neurauter.at\/cm\/wp-json\/wp\/v2\/comments?post=98"}],"version-history":[{"count":5,"href":"http:\/\/berghof-neurauter.at\/cm\/wp-json\/wp\/v2\/pages\/98\/revisions"}],"predecessor-version":[{"id":226,"href":"http:\/\/berghof-neurauter.at\/cm\/wp-json\/wp\/v2\/pages\/98\/revisions\/226"}],"wp:attachment":[{"href":"http:\/\/berghof-neurauter.at\/cm\/wp-json\/wp\/v2\/media?parent=98"}],"curies":[{"name":"wp","href":"https:\/\/api.w.org\/{rel}","templated":true}]}}